{"id":86,"date":"2023-11-26T15:10:36","date_gmt":"2023-11-26T15:10:36","guid":{"rendered":"https:\/\/vuorikoski.fi\/wordpress\/?page_id=86"},"modified":"2024-12-24T17:50:48","modified_gmt":"2024-12-24T17:50:48","slug":"wc-asennus","status":"publish","type":"page","link":"https:\/\/vuorikoski.fi\/index.php\/wc-asennus\/","title":{"rendered":"WC asennus"},"content":{"rendered":"\n<h2 class=\"wp-block-heading\">WC-istuimen asennus<\/h2>\n\n\n\n<p>Asennuspalvelu on tarjolla asiakkaan itse hankkimaan lattialle asennettavaan wc-istuimeen. Palvelu soveltuu niin vanhan wc-istuimen vaihtoon, kuin uuden WC-istuimen asennukseen. Asennuksen suorittaa luotettava LVI-alan ammattilainen. Ammattilaisen toimesta tehdyll\u00e4 asennuksella varmistat, ett\u00e4 ty\u00f6t tehd\u00e4\u00e4n sovittuna aikana, sovitulla toimitussis\u00e4ll\u00f6ll\u00e4, hyv\u00e4\u00e4 rakennustapaa noudattaen ja laadukkaasti. Samalla varmistat laitteen toiminnan ja laitevalmistajan takuuehtojen t\u00e4yttymisen.<\/p>\n\n\n\n<p>WC-istuin asennetaan aina valmistajan ohjeiden mukaisesti.<\/p>\n\n\n\n<p>Voit sopia asennuksen ajankohdan puhelimitse tai l\u00e4hett\u00e4m\u00e4ll\u00e4 s\u00e4hk\u00f6postia meille.<\/p>\n\n\n\n<p><strong><br>Asennuksen toimitussis\u00e4lt\u00f6<\/strong><\/p>\n\n\n\n<ul class=\"wp-block-list\">\n<li>Vanhan tuotteen irrotus tarvittaessa<\/li>\n\n\n\n<li>Uuden wc-istuimen asennus ja kiinnitys alustaan liimalla tai ruuveilla<\/li>\n\n\n\n<li>WC-istuimen liitt\u00e4minen olemassa olevaan sululla varustettuun vesij\u00e4rjestelm\u00e4\u00e4n<\/li>\n\n\n\n<li>WC-istuimen testaus<\/li>\n<\/ul>\n\n\n\n<p><strong>Asennuksiin ei sis\u00e4lly<\/strong><\/p>\n\n\n\n<ul class=\"wp-block-list\">\n<li>Lattioiden ja ymp\u00e4rist\u00f6n asennusty\u00f6n aikainen suojaaminen<\/li>\n\n\n\n<li>Muut putkity\u00f6t kuin WC-istuimen kytkent\u00e4 valmiiseen viem\u00e4ri- ja vesij\u00e4rjestelm\u00e4\u00e4n<\/li>\n\n\n\n<li>Rakennus ja paikkausty\u00f6t, joiden tarve saattavat synty\u00e4 vanhaa tuotetta irrottaessa, mik\u00e4li lattian pintamateriaali ei ole kunnolla kiinni tai kiinnityskohta ei sovellu uuden WC-istuimen asentamiseen<\/li>\n<\/ul>\n\n\n\n<p><strong>Palvelun tilaajan velvollisuudet ja vastuut<\/strong><br>Palvelun tilaajan vastuulla on varmistaa, ett\u00e4 tuote soveltuu kohteeseen asennettavaksi ja on asennettavissa. Mik\u00e4li asennuspalvelun asentaja toteaa kohteessa, ett\u00e4 tuote ei sovellu kohteeseen asennettavaksi, tai sit\u00e4 ei voida asentaa asennuspalvelun toimitussis\u00e4ll\u00f6n mukaisesti, veloitetaan asiakkaalta k\u00e4ynnist\u00e4 65\u20ac (81,58\u20ac sis.Alv.25,5%)<br>Asennettavan tuotteen tulee olla asennuspaikan v\u00e4litt\u00f6m\u00e4ss\u00e4 l\u00e4heisyydess\u00e4, kulku asennuspaikalle tulee olla esteet\u00f6n ja asennusty\u00f6, sek\u00e4 mahdollinen purkuty\u00f6 tulee pysty\u00e4 suorittamaan ilman ymp\u00e4r\u00f6ivien rakenteiden purku- ja rakennust\u00f6it\u00e4.<\/p>\n\n\n\n<p>Asennusty\u00f6n hinta 120\u20ac (150,60\u20ac sis.Alv.25,5%)<\/p>\n\n\n\n<p>Vanha WC istui voidaan toimittaa lain mukaiseen kierr\u00e4tyspisteeseen,<br>hinta sis\u00e4lt\u00e4en posliinin kierr\u00e4tysmaksun 30\u20ac (37,65\u20ac sis.Alv.25,5%)<\/p>\n","protected":false},"excerpt":{"rendered":"<p>WC-istuimen asennus Asennuspalvelu on tarjolla asiakkaan itse hankkimaan lattialle asennettavaan wc-istuimeen. Palvelu soveltuu niin vanhan wc-istuimen vaihtoon, kuin uuden WC-istuimen asennukseen. Asennuksen suorittaa luotettava LVI-alan ammattilainen. Ammattilaisen toimesta tehdyll\u00e4 asennuksella varmistat, ett\u00e4 ty\u00f6t tehd\u00e4\u00e4n sovittuna aikana, sovitulla toimitussis\u00e4ll\u00f6ll\u00e4, hyv\u00e4\u00e4 rakennustapaa noudattaen ja laadukkaasti. Samalla varmistat laitteen toiminnan ja laitevalmistajan takuuehtojen t\u00e4yttymisen. WC-istuin asennetaan aina valmistajan [&hellip;]<\/p>\n","protected":false},"author":1,"featured_media":0,"parent":0,"menu_order":0,"comment_status":"closed","ping_status":"closed","template":"","meta":{"footnotes":""},"class_list":["post-86","page","type-page","status-publish","hentry"],"_links":{"self":[{"href":"https:\/\/vuorikoski.fi\/index.php\/wp-json\/wp\/v2\/pages\/86","targetHints":{"allow":["GET"]}}],"collection":[{"href":"https:\/\/vuorikoski.fi\/index.php\/wp-json\/wp\/v2\/pages"}],"about":[{"href":"https:\/\/vuorikoski.fi\/index.php\/wp-json\/wp\/v2\/types\/page"}],"author":[{"embeddable":true,"href":"https:\/\/vuorikoski.fi\/index.php\/wp-json\/wp\/v2\/users\/1"}],"replies":[{"embeddable":true,"href":"https:\/\/vuorikoski.fi\/index.php\/wp-json\/wp\/v2\/comments?post=86"}],"version-history":[{"count":6,"href":"https:\/\/vuorikoski.fi\/index.php\/wp-json\/wp\/v2\/pages\/86\/revisions"}],"predecessor-version":[{"id":148,"href":"https:\/\/vuorikoski.fi\/index.php\/wp-json\/wp\/v2\/pages\/86\/revisions\/148"}],"wp:attachment":[{"href":"https:\/\/vuorikoski.fi\/index.php\/wp-json\/wp\/v2\/media?parent=86"}],"curies":[{"name":"wp","href":"https:\/\/api.w.org\/{rel}","templated":true}]}}