{"id":84,"date":"2023-11-26T15:10:07","date_gmt":"2023-11-26T15:10:07","guid":{"rendered":"https:\/\/vuorikoski.fi\/wordpress\/?page_id=84"},"modified":"2025-10-30T14:39:06","modified_gmt":"2025-10-30T14:39:06","slug":"hinnasto","status":"publish","type":"page","link":"https:\/\/vuorikoski.fi\/index.php\/hinnasto\/","title":{"rendered":"Hinnasto"},"content":{"rendered":"\n<h2 class=\"wp-block-heading\">Asennushinnasto<\/h2>\n\n\n\n<p>VELOITUSHINNAT 1.10.2025 Hinnat alv 0%<\/p>\n\n\n\n<p>Maksuehdot 7 p\u00e4iv\u00e4\u00e4 netto, isommat kohteet sopimuksen mukaan.<br><br><strong>ASENNUSTY\u00d6T<\/strong>&nbsp; Arkisin (normaali ty\u00f6aika klo 7.00 \u2013 16.00)<br>asennus-, huolto- ja korjausty\u00f6t \/ alkava tunti&nbsp;&nbsp;&nbsp;<\/p>\n\n\n\n<p>LVI\u00a0 \u00a0\u00a0\u00a0 55,00\u20ac (69,13\u20ac\/h sis.alv 25,5%) <br> (65,00\u20ac (81,58\u20ac\/h sis.alv 25,5%) mik\u00e4li laskutettavaa vain yksi tunti)<br>LVI\u00a0\u00a0\u00a0\u00a0\u00a0 asiakkaan itse hankkimat tarvikkeet 75,00\u20ac (94,13\u20ac\/h sis.alv 25,5%)<\/p>\n\n\n\n<p>Automaatio asennusty\u00f6t 65,00\u20ac\/h (81,58\u20ac\/h sis.alv 25,5%)<br>Vianhaku ja diagnostiikka 85,00\u20ac\/h (106,68\u20ac\/h sis.alv 25,5%)<\/p>\n\n\n\n<p>Asennusty\u00f6laskun minimiveloitus on yksi tunti \/ k\u00e4yntikerta<\/p>\n\n\n\n<p><strong>Viem\u00e4rinavaukset ja kuvaukset:<\/strong><\/p>\n\n\n\n<p>Viem\u00e4rinavaus koneellisesti tai pesu &nbsp; 80,00\u20ac\/h (100,40\u20ac\/h sis.alv 25,5%)<br>+ viem\u00e4rinavauslaitteen ja\/tai painehuuhtelulaitteen vuokra<\/p>\n\n\n\n<p>Viem\u00e4ri tai ilmastointi kuvaus &nbsp; 80,00\u20ac\/h (100,40\u20ac\/h sis.alv 25,5%)<br>+ kameravuokra<\/p>\n\n\n\n<p>Viem\u00e4rinkuvauksen kirjallinen raportti video tiedostoineen<br>80,00\u20ac\/h (100,40\u20ac\/h sis.alv 25,5%) (aineiston toimitus s-postiin)<\/p>\n\n\n\n<p><strong>WC-istuimen asennus ja vanhan poisvienti&nbsp;kun uusi ostettu kauttani<\/strong><br>120\u20ac (150,60\u20ac sis.alv. 25,5%) + matkakulut ja mahdolliset asennustarvikkeet<br>Vanhan poisvienti, sis. posliini kierr\u00e4tysmaksu 20\u20ac (25,10\u20ac sis.alv. 25,5%)<br>Katso lis\u00e4\u00e4 tietoa&nbsp;<a href=\"https:\/\/vuorikoski.fi\/index.php\/wc-asennus\/\" data-type=\"page\" data-id=\"86\" target=\"_blank\" rel=\"noreferrer noopener\"><strong>t\u00e4st\u00e4 linkist\u00e4<\/strong><\/a><\/p>\n\n\n\n<p><strong>Asiakkaan itse ostaman WC-istuimen asennus&nbsp;<\/strong><br>160\u20ac (200,80\u20ac sis.alv. 25,5%) + matkakulut ja mahdolliset asennustarvikkeet<br>Vanhan poisvienti, sis. posliini kierr\u00e4tysmaksu 30\u20ac (37,65\u20ac sis.alv. 25,5%)<br>Asiakas on vastuussa pytyn sopivuudesta. Mik\u00e4li asennuksessa tulee lis\u00e4t\u00f6it\u00e4, ne laskutetaan erikseen.<\/p>\n\n\n\n<p><strong>Vesihanan asennus&nbsp;<\/strong>100\u20ac (125,5\u20ac sis.alv. 25,5%)<br>+ matkakulut ja mahdolliset asennustarvikkeet<\/p>\n\n\n\n<p>Sis\u00e4lt\u00e4\u00e4 perus asennuksen vanhan hanan tilalle (vaatii toimivat kalustesulut)<br>Asiakkaan itse hankkiman hanan asennuksessa ilmenev\u00e4t ongelmat laskutetaan erikseen.<\/p>\n\n\n\n<p><strong>Astianpesukoneen asennus&nbsp;<\/strong>99,60\u20ac (125\u20ac sis.alv. 25,5%)<br>+ matkakulut ja mahdolliset asennustarvikkeet<\/p>\n\n\n\n<p><strong>Pyykinpesukoneen asennus&nbsp;<\/strong>99,60\u20ac (125\u20ac sis.alv. 25,5%)<br>+ matkakulut ja mahdolliset asennustarvikkeet<\/p>\n\n\n\n<p><strong><br>YLITY\u00d6T<\/strong>&nbsp;(normaalin ty\u00f6ajan j\u00e4lkeen arkisin klo 16.00 alkaen)<br>Arkena&nbsp; 16-18 71,71\u20ac (90\u20ac sis.alv. 25,5%) \/ alkava tunti<br>Arkena 18-22 95,62\u20ac (120\u20ac sis alv. 25,5%) \/ alkava tunti<br>Lauantai 95,62\u20ac (120\u20ac sis alv. 25,5%) \/ alkava tunti<br>Sunnuntai 191,24 (240\u20ac sis alv. 25,5%) \/ alkava tunti<br>Pyh\u00e4p\u00e4iv\u00e4 143,43\u20ac (180\u20ac sis.alv. 25,5%) \/ alkava tunti<br>Arkipyh\u00e4 127,49\u20ac (160\u20ac sis alv. 25,5%) alkava tunti<br><strong><br>LAITEVUOKRAT TY\u00d6N SUORITTAMISEKSI<\/strong><br>Viem\u00e4rinavauskone 60,00\u20ac<br>Viem\u00e4rikuvauskamera 60,00\u20ac<br>Ilmastointikuvauskamera 60,00\u20ac<br>Viem\u00e4rin painehuuhtelulaite 40,00\u20ac<br>Putken j\u00e4\u00e4dytyslaite 40,00\u20ac<\/p>\n\n\n\n<p><strong><br>OHJELMOINTI SALON TALOUSALUEELLA<\/strong><\/p>\n\n\n\n<p>Factatherm 3000 vesimittarien et\u00e4lukulaite 250,00\u20ac (max. 24 asuntoa)<\/p>\n\n\n\n<p>Factatherm 3000 vesimittarien et\u00e4lukulaite, yksi asunto muun vesimittari huoltoty\u00f6n yhteydess\u00e4 30,00\u20ac<br>Vesimittarilukemien luku et\u00e4luentayksik\u00f6lt\u00e4<br>ja toimitus s\u00e4hk\u00f6isen\u00e4 tiedostona is\u00e4nn\u00f6itsij\u00e4lle 100,00\u20ac<\/p>\n\n\n\n<p><strong>MATKAKULUT<\/strong><br>Minimiveloitus ns. Ajokorvaus (sis. matkat 20 km asti) 20,00\u20ac  (25,1\u20ac sis.alv. 25,5%)<br>Kilometriveloitus \/ km 0,80\u20ac  (1\u20ac sis.alv. 25,5%)<br><br><strong>P\u00c4IVYSTYSKULUT<\/strong><br>H\u00e4lytysraha \/ ty\u00f6mies<br>Veloitetaan Klo 15.30-07.00 v\u00e4lisen\u00e4 aikana tulleesta ty\u00f6tilauksesta, joka suoritetaan p\u00e4ivystysl\u00e4ht\u00f6n\u00e4.<br>LVI&nbsp;&nbsp;&nbsp; &nbsp;&nbsp;&nbsp; 100,00\u20ac  (125,50\u20ac sis.alv. 25,5%)<br><br><strong>TOIMISTOKULU<\/strong>T<br>Veloitetaan asennus-, huolto- ja korjausty\u00f6laskuissa.<br>Toimistomaksu&nbsp;&nbsp;&nbsp; 5,00\u20ac<br>Kirjallinen suppea vikaraportti (1 sivu x A4) minimiveloitus&nbsp;&nbsp;&nbsp; 65,00\u20ac<br>Kirjallinen laaja vikaraportti (lis\u00e4selvitykset suppeaan raporttiin)&nbsp;&nbsp;&nbsp; 55,00\u20ac tunti<br>Kirjallinen raportti esim. vakuutusyhti\u00f6lle 65,00\u20ac tunti<br><br><strong>ASENNUKSESSA K\u00c4YTETT\u00c4V\u00c4T TARVIKKEET<\/strong><br>Tarvikkeet laskutetaan voimassa olevien verkkokauppojen ja tukkuhintojen mukaisesti +pientarvikelis\u00e4<br>Pientarvikelis\u00e4 minimi&nbsp; 10,00\u20ac<br>Huoltoautoveloitus 15\u20ac (autossa mukana yleisimm\u00e4t varaosat)<\/p>\n\n\n\n<p><strong>Toimistomaksujen veloitusperuste<\/strong><br>Toimistomaksu kattaa laskun l\u00e4hett\u00e4misen ja siihen liittyv\u00e4t kirjanpidolliset kustannukset. Asiakkaan kirjalliset tarvitsemat raportit ja todistukset veloitetaan siihen k\u00e4ytetyn ty\u00f6ajan mukaan.<\/p>\n\n\n\n<p><strong>Pientarvikkeiden veloitusperusteet<\/strong><br>Pientarvikkeet koostuvat sellaisista tarvikkeista, joita ei pakkauskoon suuruudesta johtuen ole j\u00e4rkev\u00e4\u00e4 asiakkaan ostaa esim. ruuvit, teipit, nippusiteet tai asennuksissa k\u00e4ytetyt kuluvat ty\u00f6kalut esim. puukko, katkaisuter\u00e4, hanskat ja muut suojavarusteet, joita voidaan k\u00e4ytt\u00e4\u00e4 my\u00f6s seuraavassa ty\u00f6kohteessa.&nbsp;&nbsp;&nbsp;<br><br><strong>Asennust\u00f6iden veloitusperusteet<\/strong><br>Asentaja valmistelee ty\u00f6n, ker\u00e4\u00e4 ja noutaa tarvittavat tarvikkeet ty\u00f6h\u00f6n, matka-aika kohteeseen, ty\u00f6aika kohteessa, mahdolliset lis\u00e4tarvikkeiden noudot, tarvikelistat kohteesta, matka-aika kohteesta takaisin toimipisteeseen.<br>Huom! Asentaja voi my\u00f6s valmistella asennust\u00f6it\u00e4 muuallakin kuin asiakkaan luona esim. tehd\u00e4 kokoonpanoty\u00f6t\u00e4 verstaalla tai selvitt\u00e4\u00e4 asennukseen liittyvi\u00e4 asioita.<\/p>\n\n\n\n<p><strong>Huoltoauton veloitusperuste<\/strong><br>Huoltoautossa on mukana LV ty\u00f6ss\u00e4 yleisimmin k\u00e4ytetyt liittimet ja varaosat.<br>mm. hanojen ja wc istuimen tiivisteit\u00e4 jne&#8230;<br>Mik\u00e4li tarvittavat osat l\u00f6ytyv\u00e4t autosta valmiina, v\u00e4hent\u00e4\u00e4 se matkakulujen syntymist\u00e4.<br>Huoltoautoveloitusta ei veloiteta mik\u00e4li tukkurilta joudutaan hakemaan tarvittavat osat.<\/p>\n\n\n\n<p><strong>Matkakulujen veloitusperusteet ( km )<\/strong><br>L\u00e4htee toimipaikasta &#8211; saapuu kohteeseen &#8211; mahdolliset tarvikenoudot &#8211; palaa toimipaikkaan.<br>Toimipaikka sijaitsee osoitteessa Kailinniituntie 3, 24800 Halikko<\/p>\n","protected":false},"excerpt":{"rendered":"<p>Asennushinnasto VELOITUSHINNAT 1.10.2025 Hinnat alv 0% Maksuehdot 7 p\u00e4iv\u00e4\u00e4 netto, isommat kohteet sopimuksen mukaan. ASENNUSTY\u00d6T&nbsp; Arkisin (normaali ty\u00f6aika klo 7.00 \u2013 16.00)asennus-, huolto- ja korjausty\u00f6t \/ alkava tunti&nbsp;&nbsp;&nbsp; LVI\u00a0 \u00a0\u00a0\u00a0 55,00\u20ac (69,13\u20ac\/h sis.alv 25,5%) (65,00\u20ac (81,58\u20ac\/h sis.alv 25,5%) mik\u00e4li laskutettavaa vain yksi tunti)LVI\u00a0\u00a0\u00a0\u00a0\u00a0 asiakkaan itse hankkimat tarvikkeet 75,00\u20ac (94,13\u20ac\/h sis.alv 25,5%) Automaatio asennusty\u00f6t 65,00\u20ac\/h (81,58\u20ac\/h [&hellip;]<\/p>\n","protected":false},"author":1,"featured_media":0,"parent":0,"menu_order":0,"comment_status":"closed","ping_status":"closed","template":"","meta":{"footnotes":""},"class_list":["post-84","page","type-page","status-publish","hentry"],"_links":{"self":[{"href":"https:\/\/vuorikoski.fi\/index.php\/wp-json\/wp\/v2\/pages\/84","targetHints":{"allow":["GET"]}}],"collection":[{"href":"https:\/\/vuorikoski.fi\/index.php\/wp-json\/wp\/v2\/pages"}],"about":[{"href":"https:\/\/vuorikoski.fi\/index.php\/wp-json\/wp\/v2\/types\/page"}],"author":[{"embeddable":true,"href":"https:\/\/vuorikoski.fi\/index.php\/wp-json\/wp\/v2\/users\/1"}],"replies":[{"embeddable":true,"href":"https:\/\/vuorikoski.fi\/index.php\/wp-json\/wp\/v2\/comments?post=84"}],"version-history":[{"count":21,"href":"https:\/\/vuorikoski.fi\/index.php\/wp-json\/wp\/v2\/pages\/84\/revisions"}],"predecessor-version":[{"id":162,"href":"https:\/\/vuorikoski.fi\/index.php\/wp-json\/wp\/v2\/pages\/84\/revisions\/162"}],"wp:attachment":[{"href":"https:\/\/vuorikoski.fi\/index.php\/wp-json\/wp\/v2\/media?parent=84"}],"curies":[{"name":"wp","href":"https:\/\/api.w.org\/{rel}","templated":true}]}}