{"id":78,"date":"2023-11-26T15:06:13","date_gmt":"2023-11-26T15:06:13","guid":{"rendered":"https:\/\/vuorikoski.fi\/wordpress\/?page_id=78"},"modified":"2026-04-23T14:06:59","modified_gmt":"2026-04-23T14:06:59","slug":"kotitalusvahennys","status":"publish","type":"page","link":"https:\/\/vuorikoski.fi\/index.php\/kotitalusvahennys\/","title":{"rendered":"Kotitalousv\u00e4hennys"},"content":{"rendered":"\n<p>L\u00f6yd\u00e4t yrityksemme ennakkoperint\u00e4rekisterist\u00e4 joten voitte hakea Kotitalousv\u00e4hennyst\u00e4 palveluistamme. Yrityksien rekister\u00f6innit tarkistat&nbsp;k\u00e4tevimmin YTJ:n tietopalvelusta osoitteesta&nbsp;<a href=\"http:\/\/www.ytj.fi\/\" target=\"_blank\" rel=\"noreferrer noopener\">http:\/\/www.ytj.fi\/<\/a><\/p>\n\n\n\n<p>V\u00e4hennyksen voi saada joko kotona tai vapaa-ajan asunnolla teetetyn ty\u00f6n kustannuksista, t\u00e4m\u00e4n voi osittain v\u00e4hent\u00e4\u00e4 verosta.<\/p>\n\n\n\n<p>Kotitalousv\u00e4hennyksen enimm\u00e4ism\u00e4\u00e4r\u00e4 <strong>vuonna 2026 on 1600 euroa<\/strong> vuodessa. Summa voi koostua kunnospito- ja perusparannausty\u00f6st\u00e4, esim. remontoimisesta. V\u00e4hennykseen liittyy vuotuinen 150 euron omavastuuosuus.<br><\/p>\n\n\n\n<p>\u00d6ljyl\u00e4mmityksest\u00e4 luopumiseen saa edelleen korotettua kotitalousv\u00e4hennyst\u00e4. V\u00e4hennys on 60 % ty\u00f6n osuudesta ja enint\u00e4\u00e4n 3 500 euroa vuodessa. Korotettu v\u00e4hennys on voimassa vuoteen 2027 saakka.&nbsp;<\/p>\n\n\n\n<p><br>Maksimiv\u00e4hennyksen eli 1600 euron v\u00e4hennyksen saat, jos ostat yritykselt\u00e4 palveluja, jossa arvonlis\u00e4verollinen ty\u00f6n osuus on yhteens\u00e4 5000 euroa [(5000 x 35 %) &#8211; 150) = 1600]. V\u00e4hennysoikeus on&nbsp;<strong>35 %<\/strong>&nbsp;ty\u00f6n osuudesta.<\/p>\n\n\n\n<p><br>V\u00e4hennys on henkil\u00f6kohtainen, joten pariskunta voi vuonna 2026 saada yhteens\u00e4 3200 euron v\u00e4hennykset. Puolisoille v\u00e4hennys my\u00f6nnet\u00e4\u00e4n siten, kun he ovat sit\u00e4 pyyt\u00e4neet. Jos 3200 euron raja ei ylity, v\u00e4hennys kannattaa pyyt\u00e4\u00e4 vain toiselle puolisolle. N\u00e4in omavastuu tulee v\u00e4hennetyksi vain kertaalleen.<\/p>\n\n\n\n<p>V\u00e4hennyksen hakeminen voi aluksi tuntua ty\u00f6l\u00e4\u00e4lt\u00e4 mutta se kannattaa ehdottomasti, lis\u00e4tietoa l\u00f6ytyy Verohallinnon sivuilta.<a href=\"https:\/\/www.vero.fi\/henkiloasiakkaat\/verokortti-ja-veroilmoitus\/tulot-ja-vahennykset\/kotitalousvahennys\/\" target=\"_blank\" rel=\"noreferrer noopener\"><br><\/a><br><a href=\"https:\/\/www.vero.fi\/henkiloasiakkaat\/verokortti-ja-veroilmoitus\/vahennykset\/kotitalousvahennys\/\">Verohallinto kotitalousv\u00e4hennys<\/a><\/p>\n\n\n\n<p><a href=\"https:\/\/www.vero.fi\/henkiloasiakkaat\/vahennykset\/kotitalousvahennys\/kotitalousvahennyslaskuri-2025\/\" data-type=\"page\" data-id=\"78\">Verohallinto kotitalousv\u00e4hennyslaskuri 2025<\/a><br><\/p>\n\n\n\n<p><\/p>\n","protected":false},"excerpt":{"rendered":"<p>L\u00f6yd\u00e4t yrityksemme ennakkoperint\u00e4rekisterist\u00e4 joten voitte hakea Kotitalousv\u00e4hennyst\u00e4 palveluistamme. Yrityksien rekister\u00f6innit tarkistat&nbsp;k\u00e4tevimmin YTJ:n tietopalvelusta osoitteesta&nbsp;http:\/\/www.ytj.fi\/ V\u00e4hennyksen voi saada joko kotona tai vapaa-ajan asunnolla teetetyn ty\u00f6n kustannuksista, t\u00e4m\u00e4n voi osittain v\u00e4hent\u00e4\u00e4 verosta. Kotitalousv\u00e4hennyksen enimm\u00e4ism\u00e4\u00e4r\u00e4 vuonna 2026 on 1600 euroa vuodessa. Summa voi koostua kunnospito- ja perusparannausty\u00f6st\u00e4, esim. remontoimisesta. V\u00e4hennykseen liittyy vuotuinen 150 euron omavastuuosuus. \u00d6ljyl\u00e4mmityksest\u00e4 luopumiseen saa [&hellip;]<\/p>\n","protected":false},"author":1,"featured_media":0,"parent":0,"menu_order":0,"comment_status":"closed","ping_status":"closed","template":"","meta":{"footnotes":""},"class_list":["post-78","page","type-page","status-publish","hentry"],"_links":{"self":[{"href":"https:\/\/vuorikoski.fi\/index.php\/wp-json\/wp\/v2\/pages\/78","targetHints":{"allow":["GET"]}}],"collection":[{"href":"https:\/\/vuorikoski.fi\/index.php\/wp-json\/wp\/v2\/pages"}],"about":[{"href":"https:\/\/vuorikoski.fi\/index.php\/wp-json\/wp\/v2\/types\/page"}],"author":[{"embeddable":true,"href":"https:\/\/vuorikoski.fi\/index.php\/wp-json\/wp\/v2\/users\/1"}],"replies":[{"embeddable":true,"href":"https:\/\/vuorikoski.fi\/index.php\/wp-json\/wp\/v2\/comments?post=78"}],"version-history":[{"count":9,"href":"https:\/\/vuorikoski.fi\/index.php\/wp-json\/wp\/v2\/pages\/78\/revisions"}],"predecessor-version":[{"id":174,"href":"https:\/\/vuorikoski.fi\/index.php\/wp-json\/wp\/v2\/pages\/78\/revisions\/174"}],"wp:attachment":[{"href":"https:\/\/vuorikoski.fi\/index.php\/wp-json\/wp\/v2\/media?parent=78"}],"curies":[{"name":"wp","href":"https:\/\/api.w.org\/{rel}","templated":true}]}}