{"id":61,"date":"2023-11-26T14:50:49","date_gmt":"2023-11-26T14:50:49","guid":{"rendered":"https:\/\/vuorikoski.fi\/wordpress\/?page_id=61"},"modified":"2023-11-26T14:50:49","modified_gmt":"2023-11-26T14:50:49","slug":"putkiremontti","status":"publish","type":"page","link":"https:\/\/vuorikoski.fi\/index.php\/putkiremontti\/","title":{"rendered":"Putkiremontti"},"content":{"rendered":"\n<p>Teett\u00e4sink\u00f6 putkiremontin?<\/p>\n\n\n\n<p><strong>Vanhan omakotitalon k\u00e4ytt\u00f6vesiputkien elinkaari on noin 30 vuotta.<\/strong><br><strong>Putket kannattaa vaihtaa ajallaan eik\u00e4 j\u00e4\u00e4d\u00e4 odottelemaan vuotoja. Omakotitalojen vesivahinkojen yleisin syyllinen on vesiputkisto.<\/strong><\/p>\n\n\n\n<p><strong>Sinkityt putket<\/strong><br>Tyypillisin remonttikohde t\u00e4n\u00e4 p\u00e4iv\u00e4n\u00e4 on noin 130-neli\u00f6inen, 70-luvun alussa rakennettu omakotitalo. Isoin riski on siell\u00e4, miss\u00e4 on i\u00e4k\u00e4st\u00e4 sinkitty\u00e4 ter\u00e4sputkea. T\u00e4t\u00e4 k\u00e4ytettiin yleisesti takavuosina kylm\u00e4vesiputkissa. Sinkitty ter\u00e4sputki oirehtii menem\u00e4ll\u00e4 tukkoon.<br>(Onko sinun asunnossasi veden paine laskenut viimevuosina, hanasta kylm\u00e4 &#8221;lorottaa&#8221; vain hiljaa?) Sinkitty putki ker\u00e4\u00e4 ruostetta ja hanasta tulee ruskeaa vett\u00e4.<\/p>\n\n\n\n<p><strong>My\u00f6s kupariputket vuotavat<\/strong><br>Kupariputkissa k\u00e4ytettiin 80-luvun alkupuolelle asti messinkijuotoksia. Niihin iskee vuosien kuluessa sinkkikato, joka johtaa vuotoihin (pienet pistem\u00e4iset sy\u00f6pym\u00e4t).<\/p>\n\n\n\n<p><strong>Muovi k\u00e4ytt\u00f6\u00f6n<\/strong><br>Nyky\u00e4\u00e4n k\u00e4ytet\u00e4\u00e4n muovia sek\u00e4 uudisrakentamisessa ett\u00e4 saneerauksessa. Kuparia k\u00e4ytett\u00e4\u00e4n silloin, kun l\u00e4mmitet\u00e4\u00e4n puulla tai \u00f6ljyll\u00e4. Jos vesi l\u00e4mmitet\u00e4\u00e4n s\u00e4hk\u00f6ll\u00e4, voidaan muovia k\u00e4ytt\u00e4\u00e4 teknisest\u00e4 tilasta asti.<br>Uudisrakentamisessa muoviputki asennettaan suuremman muovisen suojaputken sis\u00e4\u00e4n. N\u00e4in voidaan ehk\u00e4ist\u00e4 vesivahingot vuodon sattuessa ja helpotetaan putkien vaihtamista.<br>Saneerauskohteissa yleisin k\u00e4ytett\u00e4v\u00e4 putki on komposiittiputkea. Komposiittiputki on alumiinivaipalla vahvistettu monikerroksinen muoviputki, jossa yhdistyv\u00e4t sek\u00e4 muovi- ett\u00e4 metalliputken hyv\u00e4t ominaisuudet. Alumiinikerros tekee putkesta happitiiviin ja sen l\u00e4mp\u00f6laajeneminen on pieni.<\/p>\n\n\n\n<p><strong>Totetutus<\/strong><br>Vanhat putket j\u00e4tet\u00e4\u00e4n rakenteisiin sis\u00e4\u00e4n, niist\u00e4 ei ole mit\u00e4\u00e4n haittaa. Putket poikkaistaan sein\u00e4n tai lattian rajasta, imet\u00e4\u00e4n tyhj\u00e4ksi vedest\u00e4 ja tulpataan.<\/p>\n\n\n\n<p><strong>Uusien putkien kesto ik\u00e4<\/strong><br>Nykyratkaisujen elinkaareksi arvioidaan 50 vuotta. Kestosta ei ole viel\u00e4 pitk\u00e4aikaisia kokemuksia. Komposiittiputkeen pohjautuvaa putkistoj\u00e4rjestelm\u00e4\u00e4 k\u00e4ytet\u00e4\u00e4n jo yli 60 maassa ymp\u00e4ri maailmaa. J\u00e4rjestelm\u00e4 tunnetaan helposta, turvallisesta ja nopeasta asennuksesta.<\/p>\n\n\n\n<p><strong>Remontin kesto<\/strong><br>Remontin keskim\u00e4\u00e4r\u00e4inen aika on nelj\u00e4 -viisi p\u00e4iv\u00e4\u00e4.<\/p>\n\n\n\n<p><strong>Kustannukset<\/strong><br>Kun vanhat putket j\u00e4tet\u00e4\u00e4n rakenteisiin ja uusien asentaminen pintavetoina on nopeaa ja edullista niin saneeraushinnat alkavat noin 3500 eurosta. Lopullisiin kustannuksiiin vaikuttaa olennaisesti se, vaihdetaanko vain putket vai my\u00f6s vesikalusteet ja l\u00e4mminvesivaraaja. T\u00e4ll\u00f6in kustannukset voivat nousta noin 7000 euroon.<\/p>\n\n\n\n<p>Ota meihin rohkeasti yhteytt\u00e4 niin suunnitellaan yhdess\u00e4 sujuva putkiremontti juuri sinun taloosi. Uusilla putkilla varmistat raikkaan ja puhtaan veden tulon hanalle saakka.<br><strong><\/strong><br><\/p>\n","protected":false},"excerpt":{"rendered":"<p>Teett\u00e4sink\u00f6 putkiremontin? Vanhan omakotitalon k\u00e4ytt\u00f6vesiputkien elinkaari on noin 30 vuotta.Putket kannattaa vaihtaa ajallaan eik\u00e4 j\u00e4\u00e4d\u00e4 odottelemaan vuotoja. Omakotitalojen vesivahinkojen yleisin syyllinen on vesiputkisto. Sinkityt putketTyypillisin remonttikohde t\u00e4n\u00e4 p\u00e4iv\u00e4n\u00e4 on noin 130-neli\u00f6inen, 70-luvun alussa rakennettu omakotitalo. Isoin riski on siell\u00e4, miss\u00e4 on i\u00e4k\u00e4st\u00e4 sinkitty\u00e4 ter\u00e4sputkea. T\u00e4t\u00e4 k\u00e4ytettiin yleisesti takavuosina kylm\u00e4vesiputkissa. Sinkitty ter\u00e4sputki oirehtii menem\u00e4ll\u00e4 tukkoon.(Onko sinun [&hellip;]<\/p>\n","protected":false},"author":1,"featured_media":0,"parent":0,"menu_order":0,"comment_status":"closed","ping_status":"closed","template":"","meta":{"footnotes":""},"class_list":["post-61","page","type-page","status-publish","hentry"],"_links":{"self":[{"href":"https:\/\/vuorikoski.fi\/index.php\/wp-json\/wp\/v2\/pages\/61","targetHints":{"allow":["GET"]}}],"collection":[{"href":"https:\/\/vuorikoski.fi\/index.php\/wp-json\/wp\/v2\/pages"}],"about":[{"href":"https:\/\/vuorikoski.fi\/index.php\/wp-json\/wp\/v2\/types\/page"}],"author":[{"embeddable":true,"href":"https:\/\/vuorikoski.fi\/index.php\/wp-json\/wp\/v2\/users\/1"}],"replies":[{"embeddable":true,"href":"https:\/\/vuorikoski.fi\/index.php\/wp-json\/wp\/v2\/comments?post=61"}],"version-history":[{"count":1,"href":"https:\/\/vuorikoski.fi\/index.php\/wp-json\/wp\/v2\/pages\/61\/revisions"}],"predecessor-version":[{"id":62,"href":"https:\/\/vuorikoski.fi\/index.php\/wp-json\/wp\/v2\/pages\/61\/revisions\/62"}],"wp:attachment":[{"href":"https:\/\/vuorikoski.fi\/index.php\/wp-json\/wp\/v2\/media?parent=61"}],"curies":[{"name":"wp","href":"https:\/\/api.w.org\/{rel}","templated":true}]}}