{"id":59,"date":"2023-11-26T14:48:56","date_gmt":"2023-11-26T14:48:56","guid":{"rendered":"https:\/\/vuorikoski.fi\/wordpress\/?page_id=59"},"modified":"2023-11-26T14:48:56","modified_gmt":"2023-11-26T14:48:56","slug":"lammonsaato","status":"publish","type":"page","link":"https:\/\/vuorikoski.fi\/index.php\/lammonsaato\/","title":{"rendered":"L\u00e4mm\u00f6ns\u00e4\u00e4t\u00f6"},"content":{"rendered":"\n<h3 class=\"wp-block-heading\"><strong>Automaattinen l\u00e4mm\u00f6ns\u00e4\u00e4t\u00f6 taloon?<\/strong><\/h3>\n\n\n\n<p>Kyll\u00e4stytt\u00e4\u00e4k\u00f6 k\u00e4ynnit l\u00e4mm\u00f6njakohuoneeseen s\u00e4\u00e4t\u00e4m\u00e4\u00e4n talon l\u00e4mp\u00f6\u00e4?<br>Asennuta l\u00e4mm\u00f6njakohuoneeseen<strong>&nbsp;<a target=\"_blank\" href=\"https:\/\/ouman.fi\/tuotteet\/yksikkosaatimet\/\" rel=\"noreferrer noopener\">Ouman<\/a><\/strong>&nbsp;tai&nbsp;<a target=\"_blank\" href=\"https:\/\/www.vexve.com\/fi\/tuotteet\/lammonsaatotuotteet\/lammonsaatimet\/\" rel=\"noreferrer noopener\">Vexve<\/a>&nbsp;l\u00e4mm\u00f6ns\u00e4\u00e4din joka hoitaa l\u00e4mm\u00f6ns\u00e4\u00e4d\u00f6n puolestasi vuoden jokaisena p\u00e4iv\u00e4n\u00e4.<br>\u00d6ljyl\u00e4mmitteisess\u00e4 talossa automaattisella \/ \u00e4lykk\u00e4\u00e4ll\u00e4 s\u00e4\u00e4d\u00f6ll\u00e4 voit p\u00e4\u00e4st\u00e4 my\u00f6s huomattavaan energians\u00e4\u00e4st\u00f6\u00f6n. Kysy tarjousta meilt\u00e4.<\/p>\n\n\n\n<h3 class=\"wp-block-heading\"><br><strong><\/strong><\/h3>\n\n\n\n<h3 class=\"wp-block-heading\"><strong>Oliko vesikiertoiset patterit kylm\u00e4t \/ haaleat viime talvena?<\/strong><\/h3>\n\n\n\n<p>Mik\u00e4li kiinteist\u00f6ss\u00e4nne on vuosikymmeni\u00e4 vanhat patteriventtiilit ja osa pattereista ei l\u00e4mpene ollenkaan tai kunnolla talvisin niin yleisin vika patteriventtiileiss\u00e4 on venttiilin neulan j\u00e4\u00e4minen jumiin. T\u00e4ll\u00f6in termostaatti ei s\u00e4\u00e4d\u00e4 patteria lainkaan ja patteri on joko kylm\u00e4 tai jatkuvasti kuuma.<\/p>\n\n\n\n<p>Kes\u00e4ll\u00e4 on oikea aika tehd\u00e4 korjaus patteriverkostoon. Talvellakin yleens\u00e4 pystymme vaihtamaan (j\u00e4\u00e4dytt\u00e4m\u00e4ll\u00e4 putket) rikkoutuneen patteriventtiilin mutta suurempi remontti kannattaa tehd\u00e4 kes\u00e4ll\u00e4.<br>Uusilla patteriventiileill\u00e4 ja termostataateilla varmistatte toimivuuden l\u00e4mmityskaudella ja nautitte tasaisesta l\u00e4mm\u00f6st\u00e4 koko talven.<br>Danfoss:n uusilla&nbsp;<strong>Living eco\u00ae<\/strong>&nbsp;termostaateilla voidaan saavuttaa jopa 23% energians\u00e4\u00e4st\u00f6.<\/p>\n\n\n\n<p>Katso lis\u00e4\u00e4 Danfoss.fi sivuilta:&nbsp;<a href=\"http:\/\/living.danfoss.fi\/\" target=\"_blank\" rel=\"noreferrer noopener\">living.danfoss.fi<\/a><\/p>\n\n\n\n<figure class=\"wp-block-image\"><img decoding=\"async\" src=\"https:\/\/vuorikoski.fi\/images\/patteriventtiili.jpg\" alt=\"Danfoss patteriventtiili\" title=\"Danfoss patteriventtiili\"\/><\/figure>\n\n\n\n<figure class=\"wp-block-image\"><img decoding=\"async\" src=\"https:\/\/vuorikoski.fi\/images\/living_eco.jpg\" alt=\"Danfoss Living Eco\" title=\"Danfoss Living Eco\"\/><\/figure>\n\n\n\n<p>Kysy hyv\u00e4 tarjous patteriverkoston venttiilien ja termostattien uusimisesta.<\/p>\n","protected":false},"excerpt":{"rendered":"<p>Automaattinen l\u00e4mm\u00f6ns\u00e4\u00e4t\u00f6 taloon? Kyll\u00e4stytt\u00e4\u00e4k\u00f6 k\u00e4ynnit l\u00e4mm\u00f6njakohuoneeseen s\u00e4\u00e4t\u00e4m\u00e4\u00e4n talon l\u00e4mp\u00f6\u00e4?Asennuta l\u00e4mm\u00f6njakohuoneeseen&nbsp;Ouman&nbsp;tai&nbsp;Vexve&nbsp;l\u00e4mm\u00f6ns\u00e4\u00e4din joka hoitaa l\u00e4mm\u00f6ns\u00e4\u00e4d\u00f6n puolestasi vuoden jokaisena p\u00e4iv\u00e4n\u00e4.\u00d6ljyl\u00e4mmitteisess\u00e4 talossa automaattisella \/ \u00e4lykk\u00e4\u00e4ll\u00e4 s\u00e4\u00e4d\u00f6ll\u00e4 voit p\u00e4\u00e4st\u00e4 my\u00f6s huomattavaan energians\u00e4\u00e4st\u00f6\u00f6n. Kysy tarjousta meilt\u00e4. Oliko vesikiertoiset patterit kylm\u00e4t \/ haaleat viime talvena? Mik\u00e4li kiinteist\u00f6ss\u00e4nne on vuosikymmeni\u00e4 vanhat patteriventtiilit ja osa pattereista ei l\u00e4mpene ollenkaan tai kunnolla talvisin niin yleisin [&hellip;]<\/p>\n","protected":false},"author":1,"featured_media":0,"parent":0,"menu_order":0,"comment_status":"closed","ping_status":"closed","template":"","meta":{"footnotes":""},"class_list":["post-59","page","type-page","status-publish","hentry"],"_links":{"self":[{"href":"https:\/\/vuorikoski.fi\/index.php\/wp-json\/wp\/v2\/pages\/59","targetHints":{"allow":["GET"]}}],"collection":[{"href":"https:\/\/vuorikoski.fi\/index.php\/wp-json\/wp\/v2\/pages"}],"about":[{"href":"https:\/\/vuorikoski.fi\/index.php\/wp-json\/wp\/v2\/types\/page"}],"author":[{"embeddable":true,"href":"https:\/\/vuorikoski.fi\/index.php\/wp-json\/wp\/v2\/users\/1"}],"replies":[{"embeddable":true,"href":"https:\/\/vuorikoski.fi\/index.php\/wp-json\/wp\/v2\/comments?post=59"}],"version-history":[{"count":1,"href":"https:\/\/vuorikoski.fi\/index.php\/wp-json\/wp\/v2\/pages\/59\/revisions"}],"predecessor-version":[{"id":60,"href":"https:\/\/vuorikoski.fi\/index.php\/wp-json\/wp\/v2\/pages\/59\/revisions\/60"}],"wp:attachment":[{"href":"https:\/\/vuorikoski.fi\/index.php\/wp-json\/wp\/v2\/media?parent=59"}],"curies":[{"name":"wp","href":"https:\/\/api.w.org\/{rel}","templated":true}]}}