{"id":3,"date":"2023-11-26T13:39:47","date_gmt":"2023-11-26T13:39:47","guid":{"rendered":"https:\/\/vuorikoski.fi\/wordpress\/?page_id=3"},"modified":"2026-02-11T19:21:18","modified_gmt":"2026-02-11T19:21:18","slug":"privacy-policy","status":"publish","type":"page","link":"https:\/\/vuorikoski.fi\/index.php\/privacy-policy\/","title":{"rendered":"Tietosuojak\u00e4yt\u00e4nt\u00f6"},"content":{"rendered":"\n<p><\/p>\n\n\n\n<p>P\u00e4ivitetty 1. helmikuuta 2026<\/p>\n\n\n\n<p><strong>T\u00c4RKE\u00c4\u00c4:<\/strong>&nbsp;K\u00e4ytt\u00e4m\u00e4ll\u00e4 verkkosivustoamme ja\/tai antamalla meille henkil\u00f6tietojasi annat nimenomaisen suostumuksesi siihen, ett\u00e4 voimme k\u00e4sitell\u00e4 antamiasi henkil\u00f6tietoja sellaisilla tavoilla ja sellaisiin tarkoituksiin kuin alla olevassa tietosuojak\u00e4yt\u00e4nn\u00f6ss\u00e4 kuvaillaan henkil\u00f6tietoja koskevien, voimassa olevien lakien ja s\u00e4\u00e4d\u00f6sten mukaisesti.<\/p>\n\n\n\n<p>&nbsp;<strong>KUNNIOITAMME YKSITYISYYTT\u00c4SI<\/strong><\/p>\n\n\n\n<p>Henkil\u00f6tietojen k\u00e4sittelyss\u00e4 k\u00e4yt\u00e4mme Tietosuojaan sovellettavaa lains\u00e4\u00e4d\u00e4nt\u00f6\u00e4:<\/p>\n\n\n\n<p>Suomen tietosuojalaki ja EU:n yleinen tietosuoja-asetus (EU) 2016\/679.<\/p>\n\n\n\n<p>Olemme sitoutuneet suojelemaan ja kunnioittamaan yksityisyytt\u00e4si. T\u00e4m\u00e4 tietosuojak\u00e4yt\u00e4nt\u00f6 m\u00e4\u00e4ritt\u00e4\u00e4, miten sinulta ker\u00e4ttyj\u00e4 tai sinun l\u00e4hett\u00e4mi\u00e4si henkil\u00f6tietoja k\u00e4sitell\u00e4\u00e4n verkkosivustollamme. S\u00e4ilyt\u00e4mme joitakin perustietoja vierailustasi verkkosivustollamme. Ymm\u00e4rr\u00e4mme, ett\u00e4 on t\u00e4rke\u00e4\u00e4 s\u00e4ilytt\u00e4\u00e4 n\u00e4it\u00e4 tietoja turvallisesti ja kertoa sinulle siit\u00e4, mit\u00e4 teemme n\u00e4ill\u00e4 tiedoilla. Voit p\u00e4\u00e4tt\u00e4\u00e4 antaa meille tietoja, joiden katsotaan olevan henkil\u00f6tietoja. T\u00e4ss\u00e4 tietosuojak\u00e4yt\u00e4nn\u00f6ss\u00e4 termill\u00e4 \u201dhenkil\u00f6tiedot\u201d viitataan sellaisiin tietoihin, kuten nimesi, s\u00e4hk\u00f6postiosoitteesi, postiosoitteesi, puhelinnumerosi, tai mik\u00e4 tahansa muu tieto, jolla sinut voidaan tunnistaa. Sinun ei tarvitse antaa mit\u00e4\u00e4n henkil\u00f6tietoja voidaksesi k\u00e4ytt\u00e4\u00e4 t\u00e4m\u00e4n verkkosivuston julkisia alueita. Termi \u201dverkkosivusto\u201d tarkoittaa t\u00e4t\u00e4 verkkosivustoa www.vuorikoski.fi.<\/p>\n\n\n\n<p>&nbsp;<strong>REKISTERINPIT\u00c4J\u00c4N TIEDOT<\/strong><\/p>\n\n\n\n<p>T\u00e4m\u00e4n verkkosivun omistaa LVI Vuorikoski Oy. Jos p\u00e4\u00e4t\u00e4t vapaaehtoisesti ota yhteytt\u00e4 yhteystietolomakkeen kautta, joka edellytt\u00e4\u00e4 henkil\u00f6tietojen antamista, hyv\u00e4ksyt t\u00e4m\u00e4n tietosuojak\u00e4yt\u00e4nn\u00f6n ja sen, ett\u00e4 tietosi varastoidaan Suomessa sijaitsevalle palvelimelle ja ett\u00e4 LVI Vuorikoski Oy voi ker\u00e4t\u00e4, k\u00e4sitell\u00e4, siirt\u00e4\u00e4 ja s\u00e4ilytt\u00e4\u00e4 henkil\u00f6tietojasi sen mukaan kuin pyyt\u00e4m\u00e4si toimenpiteen suorittamiseksi on tarpeen.<\/p>\n\n\n\n<p>&nbsp;<strong>TIETOTURVA JA LUOTTAMUKSELLISUUS<\/strong><\/p>\n\n\n\n<p>Suhtaudumme henkil\u00f6tietojesi tietoturvaan ja luottamuksellisuuteen eritt\u00e4in vakavasti. K\u00e4yt\u00e4mme ajantasaisia tietojen tallentamiseen ja turvallisuuteen liittyvi\u00e4 tekniikoita suojellaksemme henkil\u00f6tietojasi luvattomalta p\u00e4\u00e4sylt\u00e4, k\u00e4yt\u00f6lt\u00e4, luovuttamiselta ja muokkaamiselta sek\u00e4 laittomalta tuhoamiselta ja vahingossa tapahtuvalta h\u00e4vi\u00e4miselt\u00e4. Kaikki henkil\u00f6tietojen k\u00e4sittelij\u00e4t ja mahdolliset kolmannet osapuolet, jotka k\u00e4sittelev\u00e4t henkil\u00f6tietojasi, ovat velvoitettuja kunnioittamaan tietojesi luottamuksellisuutta. Henkil\u00f6tietoja s\u00e4ilytet\u00e4\u00e4n vain niin kauan kuin niit\u00e4 on kohtuullisessa m\u00e4\u00e4rin tarpeellista s\u00e4ilytt\u00e4\u00e4 sit\u00e4 tarkoitusta varten, jonka vuoksi niit\u00e4 ker\u00e4ttiin, tai mahdollisten lakis\u00e4\u00e4teisten raportointiin tai asiakirjojen s\u00e4ilytykseen liittyvien vaatimusten vuoksi.<\/p>\n\n\n\n<p>Henkil\u00f6tietojasi suojellaan niiden siirt\u00e4misen aikana salausprotokollien, kuten Transport Layer Security (TLS) -salauksen, avulla. Meille v\u00e4litetyn luottamuksellisen ja salassa pidett\u00e4v\u00e4n tiedon turvallisuus varmistetaan tietokoneverkkoomme p\u00e4\u00e4sy\u00e4 rajoittamalla, ja tietoa suojellaan erilaisilla fyysisill\u00e4 ja s\u00e4hk\u00f6isill\u00e4 suojakeinoilla sek\u00e4 toimintatavoilla. Yll\u00e4pid\u00e4mme tiukkoja turvallisuusstandardeja est\u00e4\u00e4ksemme kaikenlaisen luvattoman p\u00e4\u00e4syn.<\/p>\n\n\n\n<p>&nbsp;<strong>ALAIK\u00c4ISET<\/strong><\/p>\n\n\n\n<p>Jos olet alaik\u00e4inen asuinvaltiossasi, josta k\u00e4sin k\u00e4yt\u00e4t verkkosivustoamme, voit l\u00e4hett\u00e4\u00e4 henkil\u00f6tietojasi t\u00e4ll\u00e4 verkkosivustolla vain yhdess\u00e4 vanhempasi tai huoltajasi my\u00f6t\u00e4vaikutuksella. Jos olet alaik\u00e4isen vanhempi tai huoltaja ja annat suostumuksesi sille, ett\u00e4 alaik\u00e4inen l\u00e4hett\u00e4\u00e4 henkil\u00f6tietoja t\u00e4m\u00e4n verkkosivuston kautta, hyv\u00e4ksyt t\u00e4m\u00e4n tietosuojak\u00e4yt\u00e4nn\u00f6n sen suhteen, miten alaik\u00e4inen k\u00e4ytt\u00e4\u00e4 sivustoa.<\/p>\n\n\n\n<p>&nbsp;<strong>KOLMANNET OSAPUOLET<\/strong><\/p>\n\n\n\n<p>T\u00e4ll\u00e4 sivustolla on ajoittain linkkej\u00e4 kolmansien osapuolten verkkosivustoille, koska ne suorittavat joitakin palveluita puolestamme (esimerkiksi jokin verkkolomake saattaa olla t\u00e4llaisella sivustolla). Tunnistat kolmannen osapuolen internetsivuston erilaisesta ulkoasusta ja siit\u00e4, ett\u00e4 selaimen osoiterivi muuttuu. Pyrimme varmistamaan, ett\u00e4 kolmannet osapuolet t\u00e4ytt\u00e4v\u00e4t samat tietosuojaa ja tietoturvaa koskevat vaatimukset, jotka olemme asettaneet omalle toiminnallemme. Kolmansien osapuolten k\u00e4yt\u00e4nt\u00f6j\u00e4 tarkastellaan ennen kuin niilt\u00e4 tilataan palveluja ja sen j\u00e4lkeen aika ajoin. Kolmansien osapuolten tietosuoja- ja tietoturvak\u00e4yt\u00e4nn\u00f6ist\u00e4 saa lis\u00e4\u00e4 tietoa niiden omilta verkkosivustoilta.<\/p>\n\n\n\n<p>&nbsp;<strong>ILMOITUKSET MUUTOKSISTA T\u00c4H\u00c4N TIETOSUOJAK\u00c4YT\u00c4NT\u00d6\u00d6N<\/strong><\/p>\n\n\n\n<p>Uusia toimintoja kehitet\u00e4\u00e4n ja lis\u00e4t\u00e4\u00e4n jatkuvasti t\u00e4lle verkkosivustolle, ja olemassa olevia palveluja kehitet\u00e4\u00e4n ja lis\u00e4t\u00e4\u00e4n. N\u00e4iden jatkuvien muutosten, lains\u00e4\u00e4d\u00e4nn\u00f6n muuttumisen ja tekniikan luonteen vuoksi tietoja koskevat k\u00e4yt\u00e4nt\u00f6mme muuttuvat aika ajoin. Kun tietosuojak\u00e4yt\u00e4nt\u00f6\u00e4mme on tarpeen muuttaa, ilmoitamme muutoksista t\u00e4ll\u00e4 sivulla, jotta voit olla aina tietoinen siit\u00e4, mit\u00e4 tietoja ker\u00e4\u00e4mme ja miten k\u00e4yt\u00e4mme niit\u00e4.<\/p>\n\n\n\n<p><strong>&nbsp;ACTIVE SCRIPTING JA JAVASCRIPT<\/strong><\/p>\n\n\n\n<p>T\u00e4ll\u00e4 sivustolla saatetaan k\u00e4ytt\u00e4\u00e4 komentosarjoja, jotka parantavat sivuston toimivuutta. N\u00e4iden tekniikoiden ansiosta sivusto pystyy vastaamaan k\u00e4ytt\u00e4j\u00e4n pyynt\u00f6ihin nopeammin. T\u00e4m\u00e4n sivuston komentosarjoja ei k\u00e4ytet\u00e4 koskaan ohjelmien asentamiseen k\u00e4ytt\u00e4j\u00e4n tietokoneelle tai tietojen ker\u00e4\u00e4miseen ilman k\u00e4ytt\u00e4j\u00e4n lupaa.<\/p>\n\n\n\n<p>Jotta jotkin sivuston osat toimisivat oikein, Active scripting tai JavaScript -komentosarjojen k\u00e4ytt\u00f6 t\u00e4ytyy olla sallittuna internetselaimen asetuksissa. Useimmissa selaimissa on mahdollista sallia niiden k\u00e4ytt\u00f6 vain tietyill\u00e4 sivustoilla. Tutustu selaimesi ohjeisiin saadaksesi lis\u00e4\u00e4 tietoa siit\u00e4, miten voit sallia komentosarjojen k\u00e4yt\u00f6n valikoiduilla sivustoilla.<\/p>\n","protected":false},"excerpt":{"rendered":"<p>P\u00e4ivitetty 1. helmikuuta 2026 T\u00c4RKE\u00c4\u00c4:&nbsp;K\u00e4ytt\u00e4m\u00e4ll\u00e4 verkkosivustoamme ja\/tai antamalla meille henkil\u00f6tietojasi annat nimenomaisen suostumuksesi siihen, ett\u00e4 voimme k\u00e4sitell\u00e4 antamiasi henkil\u00f6tietoja sellaisilla tavoilla ja sellaisiin tarkoituksiin kuin alla olevassa tietosuojak\u00e4yt\u00e4nn\u00f6ss\u00e4 kuvaillaan henkil\u00f6tietoja koskevien, voimassa olevien lakien ja s\u00e4\u00e4d\u00f6sten mukaisesti. &nbsp;KUNNIOITAMME YKSITYISYYTT\u00c4SI Henkil\u00f6tietojen k\u00e4sittelyss\u00e4 k\u00e4yt\u00e4mme Tietosuojaan sovellettavaa lains\u00e4\u00e4d\u00e4nt\u00f6\u00e4: Suomen tietosuojalaki ja EU:n yleinen tietosuoja-asetus (EU) 2016\/679. Olemme sitoutuneet [&hellip;]<\/p>\n","protected":false},"author":1,"featured_media":0,"parent":0,"menu_order":0,"comment_status":"closed","ping_status":"open","template":"","meta":{"footnotes":""},"class_list":["post-3","page","type-page","status-publish","hentry"],"_links":{"self":[{"href":"https:\/\/vuorikoski.fi\/index.php\/wp-json\/wp\/v2\/pages\/3","targetHints":{"allow":["GET"]}}],"collection":[{"href":"https:\/\/vuorikoski.fi\/index.php\/wp-json\/wp\/v2\/pages"}],"about":[{"href":"https:\/\/vuorikoski.fi\/index.php\/wp-json\/wp\/v2\/types\/page"}],"author":[{"embeddable":true,"href":"https:\/\/vuorikoski.fi\/index.php\/wp-json\/wp\/v2\/users\/1"}],"replies":[{"embeddable":true,"href":"https:\/\/vuorikoski.fi\/index.php\/wp-json\/wp\/v2\/comments?post=3"}],"version-history":[{"count":4,"href":"https:\/\/vuorikoski.fi\/index.php\/wp-json\/wp\/v2\/pages\/3\/revisions"}],"predecessor-version":[{"id":169,"href":"https:\/\/vuorikoski.fi\/index.php\/wp-json\/wp\/v2\/pages\/3\/revisions\/169"}],"wp:attachment":[{"href":"https:\/\/vuorikoski.fi\/index.php\/wp-json\/wp\/v2\/media?parent=3"}],"curies":[{"name":"wp","href":"https:\/\/api.w.org\/{rel}","templated":true}]}}